{"id":1097,"date":"2021-05-20T13:13:27","date_gmt":"2021-05-20T13:13:27","guid":{"rendered":"http:\/\/www.zurichmaratobarcelona.es\/aviso-legal\/"},"modified":"2021-06-21T19:59:59","modified_gmt":"2021-06-21T19:59:59","slug":"legal-warning","status":"publish","type":"page","link":"https:\/\/inrun.org\/en\/legal-warning\/","title":{"rendered":"Legal warning"},"content":{"rendered":"\n<p><strong>Confidencialidad y Protecci\u00f3n de Datos de Car\u00e1cter Personal<\/strong><\/p>\n\n\n\n<p>De conformidad con la normativa aplicable y, en especial, con lo establecido en la Ley Org\u00e1nica 3\/2018, de 5 de diciembre, de Protecci\u00f3n de Datos Personales y garant\u00eda de los derechos digitales y el Reglamento (UE) 2016\/679, General de Protecci\u00f3n de Datos, le&nbsp; informamos que sus datos personales incluidos en este formulario ser\u00e1n incorporados en el fichero \u201c0639 Actos deportivos en el espacio p\u00fablico organizados por el IBE\u201d, titularidad del Ayuntamiento de Barcelona con la finalidad (obligatoria) de \u201cGestionar la inscripci\u00f3n\u201d de la Virtual 42\/7 Zurich Marat\u00f3 de Barcelona 2020<strong>.&nbsp;<\/strong>Sus datos ser\u00e1n tratados por UTE RPM \/ ASO como &#8220;encargado del tratamiento&#8221; para la gesti\u00f3n propia de la entidad en este evento deportivo y siempre bajo las directrices del responsable del fichero: Ayuntamiento de Barcelona. Usted consiente expresamente el trato de sus datos para la finalidad indicada, autoriza al Ayuntamiento a publicar sus datos en el listado de inscritos, as\u00ed como su resultado en este evento deportivo, y a enviarle publicidad de otros servicios deportivos promovidos por el Ayuntamiento de Barcelona.<\/p>\n\n\n\n<p>Puede ejercitar los derechos de acceso, rectificaci\u00f3n, cancelaci\u00f3n y oposici\u00f3n, dirigi\u00e9ndose a&nbsp;<a href=\"http:\/\/www.bcn.cat\/ajuntament\/protecciodades\" target=\"_blank\" rel=\"noreferrer noopener\">www.bcn.cat\/ajuntament\/protecciodades<\/a>.<\/p>\n","protected":false},"excerpt":{"rendered":"<p>Confidencialidad y Protecci\u00f3n de Datos de Car\u00e1cter Personal De conformidad con la normativa aplicable y, en especial, con lo establecido en la Ley Org\u00e1nica 3\/2018, de 5 de diciembre, de Protecci\u00f3n de Datos Personales y garant\u00eda de los derechos digitales y el Reglamento (UE) 2016\/679, General de Protecci\u00f3n de Datos, le&nbsp; informamos que sus datos [&hellip;]<\/p>\n","protected":false},"author":18,"featured_media":0,"parent":0,"menu_order":0,"comment_status":"closed","ping_status":"closed","template":"pages\/page-texto-simple.php","meta":{"om_disable_all_campaigns":false,"_genesis_hide_title":false,"_genesis_hide_breadcrumbs":false,"_genesis_hide_singular_image":false,"_genesis_hide_footer_widgets":false,"_genesis_custom_body_class":"","_genesis_custom_post_class":"","_genesis_layout":"","footnotes":""},"class_list":{"0":"post-1097","1":"page","2":"type-page","3":"status-publish","5":"entry"},"acf":[],"aioseo_notices":[],"_links":{"self":[{"href":"https:\/\/inrun.org\/en\/wp-json\/wp\/v2\/pages\/1097","targetHints":{"allow":["GET"]}}],"collection":[{"href":"https:\/\/inrun.org\/en\/wp-json\/wp\/v2\/pages"}],"about":[{"href":"https:\/\/inrun.org\/en\/wp-json\/wp\/v2\/types\/page"}],"author":[{"embeddable":true,"href":"https:\/\/inrun.org\/en\/wp-json\/wp\/v2\/users\/18"}],"replies":[{"embeddable":true,"href":"https:\/\/inrun.org\/en\/wp-json\/wp\/v2\/comments?post=1097"}],"version-history":[{"count":2,"href":"https:\/\/inrun.org\/en\/wp-json\/wp\/v2\/pages\/1097\/revisions"}],"predecessor-version":[{"id":1388,"href":"https:\/\/inrun.org\/en\/wp-json\/wp\/v2\/pages\/1097\/revisions\/1388"}],"wp:attachment":[{"href":"https:\/\/inrun.org\/en\/wp-json\/wp\/v2\/media?parent=1097"}],"curies":[{"name":"wp","href":"https:\/\/api.w.org\/{rel}","templated":true}]}}