{"id":3683,"date":"2021-03-22T08:13:49","date_gmt":"2021-03-22T08:13:49","guid":{"rendered":"https:\/\/www.zurichmaratobarcelona.es\/politica-privacidad\/"},"modified":"2022-03-23T12:05:34","modified_gmt":"2022-03-23T12:05:34","slug":"politica-privacitat","status":"publish","type":"page","link":"https:\/\/inrun.org\/ca\/politica-privacitat\/","title":{"rendered":"Pol\u00edtica de privacitat"},"content":{"rendered":"\n<ol class=\"wp-block-list\"><li><strong>QUI \u00c9S EL DEL RESPONSABLE DEL TRACTAMENT?<\/strong><br>D&#8217;acord amb la normativa de protecci\u00f3 de dades de car\u00e0cter personal, l&#8217;informem que les seves dades personals facilitades seran tractats per l&#8217;Ajuntament de Barcelona amb la finalitat de gestionar la inscripci\u00f3 la Marat\u00f3 de Barcelona (tractament 0639 &#8211; Esdeveniments esportius en l&#8217;espai p\u00fablic organitzat per l&#8217;IBE). Aix\u00ed mateix, informem que les seves dades seran tractades per l&#8217;organitzador de l&#8217;esdeveniment esportiu, l&#8217;UTE ASO RPM, que actuar\u00e0 com a encarregat del tractament i sempre sota les directrius del responsable, l&#8217;Ajuntament de Barcelona per a gestionar la seva participaci\u00f3 en l&#8217;esdeveniment i els fins especificats en el Reglament (d&#8217;ara endavant el \u201cOrganitzador\u201d).<\/li><\/ol>\n\n\n\n<p>Informaci\u00f3 de contacte sobre protecci\u00f3 de dades de l&#8217;Organitzador:<br>\u2022 Domicili social: Gran Via 8-10, 7a Planta, 08902 L&#8217;Hospitalet de Llobregat (Barcelona)<br>\u2022 Correu electr\u00f2nic: info@zurichmaratobarcelona.es<br>\u2022 Tel\u00e8fon de contacte: 934315533<\/p>\n\n\n\n<ol class=\"wp-block-list\" start=\"2\"><li><strong>AMB QUINA FINALITAT ES TRACTARAN LES SEVES DADES PERSONALS I DURANT QUANT TEMPS?<\/strong><br>Quan els usuaris facilitin dades personals a trav\u00e9s dels formularis d&#8217;inscripci\u00f3 als esdeveniments\/activitats gestionades per l&#8217;Organitzador a trav\u00e9s dels formularis accessibles, les seves dades personals seran tractats per a les seg\u00fcents finalitats:<br>I. Quan els usuaris proporcionen dades personals a trav\u00e9s del formulari de contacte, la finalitat \u00e9s atendre les sol\u00b7licituds dels usuaris. Per a aix\u00f2 es conservaran les seves dades personals durant tot el temps de la gesti\u00f3 de la seva consulta, i encara despr\u00e9s, fins que prescriguin les eventuals responsabilitats derivades d&#8217;aquesta.<br>II. Quan els usuaris proporcionin les dades personals a trav\u00e9s dels formularis d&#8217;inscripci\u00f3 a l&#8217;esdeveniment Marat\u00f3 de Barcelona, la finalitat \u00e9s gestionar i tramitar la participaci\u00f3 de l&#8217;usuari. Per a aix\u00f2, les seves dades es conservaran durant el termini que duri l&#8217;esdeveniment\/activitat en la qual s&#8217;inscrigui i, una vegada finalitzada la mateixa, durant el termini de prescripci\u00f3 de les accions legals que es puguin derivar d&#8217;aquesta.<br>III. Aix\u00ed mateix, en cas de subscriure&#8217;s a l&#8217;enviament de comunicacions comercials de les entitats organitzadores d&#8217;aquest esdeveniment, les seves dades seran cedides a m\u00e9s de la UTE ASO RPM a:<\/li><\/ol>\n\n\n\n<ul class=\"wp-block-list\"><li>*Amaury *Sport *Organisation (NIF FR16383160348, *tel: +33(0)1 41 33 14 00, Email: contact@aso.fr, domicili social en *Quai *Ouest, 40-42 *quai *du *point *du *Jour, 92100 *Boulogne *Billancourt, Fran\u00e7a) i ;<\/li><li>RPM Racing S.L. (NIF B-61514360, Email dpo@rpmsports.es, domicili social en Avinguda de la <em>Granvia de L\u2019<\/em>hospitalet, 8 -10 6a Planta, L\u2019*hospitalet de Llobregat, 08902, Barcelona).<br>podent revocar el seu consentiment en qualsevol moment dirigint-se a les adreces indicades anteriorment per a cada entitat, aix\u00ed com en cada correu que rebi en l&#8217;apartat de \u201cdonar-se de baixa\u201d.<br>Tret que vost\u00e8 revoqui el seu consentiment, s&#8217;aplicaran els terminis de conservaci\u00f3 de les dades personals indicades anteriorment, per la qual cosa \u00e9s la seva responsabilitat mantenir-los actualitzats.<\/li><\/ul>\n\n\n\n<ol class=\"wp-block-list\" start=\"2\"><li><strong>QUINA \u00c9S LA LEGITIMACI\u00d3 DEL TRACTAMENT DE LES DADES?<\/strong><br>Les bases legitimadores del tractament de les seves dades s\u00f3n les seg\u00fcents:<br>I.- L&#8217;execuci\u00f3 de la relaci\u00f3 contractual, per a gestionar i tramitar la seva participaci\u00f3, aix\u00ed com per a portar donar resposta a les consultes plantejades.<br>II.- El consentiment expr\u00e9s de l&#8217;usuari, per a dur a terme l&#8217;enviament de comunicacions comercials de les entitats organitzadores d&#8217;aquest esdeveniment. Podent revocar el seu consentiment en qualsevol moment dirigint-se, en cas de *Amaury *Sport *Organisation a contact@aso.fr: i, en cas de RPM RACING, S.L. a: dpo@rpmsports.es.<br>III.- L&#8217;inter\u00e8s leg\u00edtim de l&#8217;Organitzador, per a informar sobre l&#8217;esdeveniment gestionat per la UTE.<\/li><li>QUALS S\u00d3N LES *CATEGORIAS DE DADES PERSONALS QUE ES TRACTARAN?<br>L&#8217;Organitzador tractar\u00e0 les seg\u00fcents categories de dades personals:<br>\u2022 Dades identificatives: nom, cognoms, DNI<br>\u2022 Dades de contacte: tel\u00e8fon, adre\u00e7a postal, adre\u00e7a de correu electr\u00f2nic<br>\u2022 Dades de caracter\u00edstiques personals i socials: data de naixement, g\u00e8nere, nacionalitat, aficions, afiliacions.<br>Aix\u00ed com qualssevol altres dades personals que els usuaris facilitin a trav\u00e9s dels formularis establerts en la nostra p\u00e0gina web i els seus subdominis.<br>En aquest sentit, s&#8217;informa els usuaris que les seves dades personals identificatives i la seva posici\u00f3 en el resultat final de l&#8217;esdeveniment esportiu, seran publicats a trav\u00e9s de la web [\u2026], les seves xarxes socials, a trav\u00e9s d&#8217;entitats col\u00b7laboradores, aix\u00ed com mitjans de comunicaci\u00f3.<br>Tingui en compte que aquestes dades seran visibles per altres participants i usuaris de la Plataforma.<\/li><li><strong>DADES PERSONALS DE TERCERS<\/strong><br>Quan els usuaris facilitin dades personals de familiars, amics, parelles o qualssevol altres tercers relacionats amb l&#8217;usuari, han de comprometre&#8217;s a informar de la present pol\u00edtica de privacitat i en general dels termes aqu\u00ed exposats i recaptar el consentiment d&#8217;aquests tercers per al tractament de les seves dades personals.<\/li><li><strong>SEGURETAT DE LES DADES<\/strong><br>L&#8217;Organitzador tenen implantades les mesures d&#8217;\u00edndole t\u00e8cnica i organitzatives necess\u00e0ries que garanteixin la seguretat de les seves dades i evitin la seva alteraci\u00f3, p\u00e8rdua, tractament o acc\u00e9s no autoritzat, tenint en compte de l&#8217;estat de la tecnologia, la naturalesa de les dades emmagatzemades i els riscos al fet que estan exposats.<\/li><li><strong>QUI S\u00d3N ELS DESTINATARIS DE LES DADES DE L&#8217;INTERESSAT?<\/strong><br>Les seves dades personals podran ser comunicats a les seg\u00fcents entitats:<br>\u2022 A prove\u00efdors necessaris per a l&#8217;adequat compliment de les obligacions legals i\/o de les finalitats indicades a dalt.<br>\u2022 A les Administracions P\u00fabliques que per llei correspongui.<br>\u2022 Professionals que col\u00b7laborin amb l&#8217;Organitzador per a garantir la deguda atenci\u00f3 dels sol\u00b7licitants, aix\u00ed com la correcta prestaci\u00f3 del servei requerit.<br>\u2022 A les seg\u00fcents passarel\u00b7les de pagament: *Redsys Serveis de Processament, S.L. i *PayPal (<em>Europe) S.<\/em>\u00e0 r.l.<\/li><li><strong>QUINS DRETS T\u00c9 L&#8217;INTERESSAT?<\/strong><br>L&#8217;interessat t\u00e9 dret a:<br>\u2022 Accedir a les seves dades personals.<br>\u2022 Rectificar les dades inexactes o incompletes.<br>\u2022 Sol\u00b7licitar la cancel\u00b7laci\u00f3 de les seves dades quan, entre altres motius, les dades ja no siguin necessaris per als fins per als quals van ser recollits.<br>\u2022 A l&#8217;oposici\u00f3 o limitaci\u00f3 del tractament de les seves dades personals sota els sup\u00f2sits contemplats en la legislaci\u00f3 vigent<br>\u2022 A la portabilitat de les seves dades<br>\u2022 A revocar el consentiment prestat, si escau.<br>Tant per a exercir els drets recollits, com per a qualsevol altra q\u00fcesti\u00f3, pot posar-se en contacte amb nosaltres a trav\u00e9s d&#8217;info@zurichmaratobarcelona.es. Aix\u00ed mateix, en cas que es consideri vulnerats els seus drets, podr\u00e0 presentar una reclamaci\u00f3 davant l&#8217;Ag\u00e8ncia Espanyola de Protecci\u00f3 de Dades.<\/li><\/ol>\n","protected":false},"excerpt":{"rendered":"<p>QUI \u00c9S EL DEL RESPONSABLE DEL TRACTAMENT?D&#8217;acord amb la normativa de protecci\u00f3 de dades de car\u00e0cter personal, l&#8217;informem que les seves dades personals facilitades seran tractats per l&#8217;Ajuntament de Barcelona amb la finalitat de gestionar la inscripci\u00f3 la Marat\u00f3 de Barcelona (tractament 0639 &#8211; Esdeveniments esportius en l&#8217;espai p\u00fablic organitzat per l&#8217;IBE). Aix\u00ed mateix, informem [&hellip;]<\/p>\n","protected":false},"author":18,"featured_media":0,"parent":0,"menu_order":0,"comment_status":"closed","ping_status":"open","template":"pages\/page-texto-simple.php","meta":{"om_disable_all_campaigns":false,"_genesis_hide_title":false,"_genesis_hide_breadcrumbs":false,"_genesis_hide_singular_image":false,"_genesis_hide_footer_widgets":false,"_genesis_custom_body_class":"","_genesis_custom_post_class":"","_genesis_layout":"","footnotes":""},"class_list":{"0":"post-3683","1":"page","2":"type-page","3":"status-publish","5":"entry"},"acf":[],"aioseo_notices":[],"_links":{"self":[{"href":"https:\/\/inrun.org\/ca\/wp-json\/wp\/v2\/pages\/3683","targetHints":{"allow":["GET"]}}],"collection":[{"href":"https:\/\/inrun.org\/ca\/wp-json\/wp\/v2\/pages"}],"about":[{"href":"https:\/\/inrun.org\/ca\/wp-json\/wp\/v2\/types\/page"}],"author":[{"embeddable":true,"href":"https:\/\/inrun.org\/ca\/wp-json\/wp\/v2\/users\/18"}],"replies":[{"embeddable":true,"href":"https:\/\/inrun.org\/ca\/wp-json\/wp\/v2\/comments?post=3683"}],"version-history":[{"count":3,"href":"https:\/\/inrun.org\/ca\/wp-json\/wp\/v2\/pages\/3683\/revisions"}],"predecessor-version":[{"id":4208,"href":"https:\/\/inrun.org\/ca\/wp-json\/wp\/v2\/pages\/3683\/revisions\/4208"}],"wp:attachment":[{"href":"https:\/\/inrun.org\/ca\/wp-json\/wp\/v2\/media?parent=3683"}],"curies":[{"name":"wp","href":"https:\/\/api.w.org\/{rel}","templated":true}]}}