{"id":3490,"date":"2022-01-25T11:35:28","date_gmt":"2022-01-25T11:35:28","guid":{"rendered":"https:\/\/www.zurichmaratobarcelona.es\/?page_id=3490"},"modified":"2022-05-04T11:35:04","modified_gmt":"2022-05-04T11:35:04","slug":"realitzar-inscripcio","status":"publish","type":"page","link":"https:\/\/inrun.org\/ca\/realitzar-inscripcio\/","title":{"rendered":"Inscriu-te"},"content":{"rendered":"\n<p>Inscriu-te a la Zurich Marat\u00f3 Barcelona. La marat\u00f3 m\u00e9s m\u00e0gica del m\u00f3n a la ciutat avantguardista, modernista, cosmopolita, esportiva, gastron\u00f2mica, cultural, bella i mediterr\u00e0nia per excel\u00b7l\u00e8ncia. T&#8217;esperem a Barcelona.<\/p>\n\n\n\n<div id=\"dframe\" style=\"width:100%; max-width:100%\"><\/div>\n<script type=\"text\/javascript\" src=\"https:\/\/rockthesportv2.blob.core.windows.net\/scripts\/pym.js\"><\/script>\n<script>\nvar pymParent = new pym.Parent('dframe', 'https:\/\/www.rockthesport.com\/ca\/esdeveniment\/zurich-marato-barcelona_2022\/inscripcio\/selecciona-tarifa?frm=0&men=0&tit=1', {});\n<\/script>\n","protected":false},"excerpt":{"rendered":"<p>Inscriu-te a la Zurich Marat\u00f3 Barcelona. La marat\u00f3 m\u00e9s m\u00e0gica del m\u00f3n a la ciutat avantguardista, modernista, cosmopolita, esportiva, gastron\u00f2mica, cultural, bella i mediterr\u00e0nia per excel\u00b7l\u00e8ncia. T&#8217;esperem a Barcelona.<\/p>\n","protected":false},"author":18,"featured_media":0,"parent":0,"menu_order":0,"comment_status":"closed","ping_status":"closed","template":"pages\/page-inscripcion.php","meta":{"om_disable_all_campaigns":false,"_genesis_hide_title":false,"_genesis_hide_breadcrumbs":false,"_genesis_hide_singular_image":false,"_genesis_hide_footer_widgets":false,"_genesis_custom_body_class":"","_genesis_custom_post_class":"","_genesis_layout":"","footnotes":""},"class_list":{"0":"post-3490","1":"page","2":"type-page","3":"status-publish","5":"entry"},"acf":[],"aioseo_notices":[],"_links":{"self":[{"href":"https:\/\/inrun.org\/ca\/wp-json\/wp\/v2\/pages\/3490","targetHints":{"allow":["GET"]}}],"collection":[{"href":"https:\/\/inrun.org\/ca\/wp-json\/wp\/v2\/pages"}],"about":[{"href":"https:\/\/inrun.org\/ca\/wp-json\/wp\/v2\/types\/page"}],"author":[{"embeddable":true,"href":"https:\/\/inrun.org\/ca\/wp-json\/wp\/v2\/users\/18"}],"replies":[{"embeddable":true,"href":"https:\/\/inrun.org\/ca\/wp-json\/wp\/v2\/comments?post=3490"}],"version-history":[{"count":3,"href":"https:\/\/inrun.org\/ca\/wp-json\/wp\/v2\/pages\/3490\/revisions"}],"predecessor-version":[{"id":3496,"href":"https:\/\/inrun.org\/ca\/wp-json\/wp\/v2\/pages\/3490\/revisions\/3496"}],"wp:attachment":[{"href":"https:\/\/inrun.org\/ca\/wp-json\/wp\/v2\/media?parent=3490"}],"curies":[{"name":"wp","href":"https:\/\/api.w.org\/{rel}","templated":true}]}}