{"id":1100,"date":"2021-05-20T13:13:27","date_gmt":"2021-05-20T13:13:27","guid":{"rendered":"http:\/\/www.zurichmaratobarcelona.es\/aviso-legal\/"},"modified":"2021-06-21T10:05:53","modified_gmt":"2021-06-21T10:05:53","slug":"avis-legal","status":"publish","type":"page","link":"https:\/\/inrun.org\/ca\/avis-legal\/","title":{"rendered":"Av\u00eds Legal"},"content":{"rendered":"\n<p><strong>Confidencialitat i Protecci\u00f3 de Dades de Car\u00e0cter Personal<\/strong><\/p>\n\n\n\n<p>De conformitat amb la normativa aplicable i, en especial, amb el que estableix la Llei Org\u00e0nica 3\/2018, de 5 de desembre, de Protecci\u00f3 de Dades Personals i garantia dels drets digitals i el Reglament (UE) 2016\/679, general de protecci\u00f3 de dades, l&#8217;informem que les seves dades personals incloses en aquest formulari seran incorporades al fitxer &#8220;0639 Actes esportius en l&#8217;espai p\u00fablic organitzats per l&#8217;IBE&#8221;, titularitat de l&#8217;Ajuntament de Barcelona amb la finalitat (obligat\u00f2ria) de &#8220;Gestionar la inscripci\u00f3&#8221; de la Zurich Marat\u00f3 Barcelona 2021. Les seves dades seran tractades per UTE RPM \/ ASO com &#8220;encarregat del tractament&#8221; per a la gesti\u00f3 pr\u00f2pia de l&#8217;entitat en aquest esdeveniment esportiu i sempre sota les directrius del responsable de l&#8217;arxiu: Ajuntament de Barcelona. Vost\u00e8 consent expressament el tractament de les seves dades per la finalitat indicada, autoritza a l&#8217;Ajuntament a publicar les seves dades en el llistat d&#8217;inscrits, aix\u00ed com el seu resultat en aquest esdeveniment esportiu.<br><\/p>\n\n\n\n<p>Pot exercitar els drets d&#8217;acc\u00e9s, rectificaci\u00f3, cancelaci\u00f3 i oposici\u00f3, dirigint-se a\u00a0<a href=\"http:\/\/www.bcn.cat\/ajuntament\/protecciodades\" target=\"_blank\" rel=\"noreferrer noopener\">www.bcn.cat\/ajuntament\/protecciodades<\/a>.<\/p>\n","protected":false},"excerpt":{"rendered":"<p>Confidencialitat i Protecci\u00f3 de Dades de Car\u00e0cter Personal De conformitat amb la normativa aplicable i, en especial, amb el que estableix la Llei Org\u00e0nica 3\/2018, de 5 de desembre, de Protecci\u00f3 de Dades Personals i garantia dels drets digitals i el Reglament (UE) 2016\/679, general de protecci\u00f3 de dades, l&#8217;informem que les seves dades personals [&hellip;]<\/p>\n","protected":false},"author":18,"featured_media":0,"parent":0,"menu_order":0,"comment_status":"closed","ping_status":"closed","template":"pages\/page-texto-simple.php","meta":{"om_disable_all_campaigns":false,"_genesis_hide_title":false,"_genesis_hide_breadcrumbs":false,"_genesis_hide_singular_image":false,"_genesis_hide_footer_widgets":false,"_genesis_custom_body_class":"","_genesis_custom_post_class":"","_genesis_layout":"","footnotes":""},"class_list":{"0":"post-1100","1":"page","2":"type-page","3":"status-publish","5":"entry"},"acf":[],"aioseo_notices":[],"_links":{"self":[{"href":"https:\/\/inrun.org\/ca\/wp-json\/wp\/v2\/pages\/1100","targetHints":{"allow":["GET"]}}],"collection":[{"href":"https:\/\/inrun.org\/ca\/wp-json\/wp\/v2\/pages"}],"about":[{"href":"https:\/\/inrun.org\/ca\/wp-json\/wp\/v2\/types\/page"}],"author":[{"embeddable":true,"href":"https:\/\/inrun.org\/ca\/wp-json\/wp\/v2\/users\/18"}],"replies":[{"embeddable":true,"href":"https:\/\/inrun.org\/ca\/wp-json\/wp\/v2\/comments?post=1100"}],"version-history":[{"count":5,"href":"https:\/\/inrun.org\/ca\/wp-json\/wp\/v2\/pages\/1100\/revisions"}],"predecessor-version":[{"id":1285,"href":"https:\/\/inrun.org\/ca\/wp-json\/wp\/v2\/pages\/1100\/revisions\/1285"}],"wp:attachment":[{"href":"https:\/\/inrun.org\/ca\/wp-json\/wp\/v2\/media?parent=1100"}],"curies":[{"name":"wp","href":"https:\/\/api.w.org\/{rel}","templated":true}]}}